{"id":2430,"date":"2024-04-24T12:35:55","date_gmt":"2024-04-24T12:35:55","guid":{"rendered":"https:\/\/tartuturg.ee\/?page_id=2430"},"modified":"2024-04-26T08:50:04","modified_gmt":"2024-04-26T08:50:04","slug":"ohtusoogi-galerii","status":"publish","type":"page","link":"https:\/\/tartuturg.ee\/en\/ohtusoogi-galerii\/","title":{"rendered":"\u00d5htus\u00f6\u00f6gi galerii"},"content":{"rendered":"","protected":false},"excerpt":{"rendered":"","protected":false},"author":1,"featured_media":0,"parent":0,"menu_order":0,"comment_status":"closed","ping_status":"closed","template":"","meta":{"_acf_changed":false,"footnotes":""},"class_list":["post-2430","page","type-page","status-publish","hentry"],"acf":[],"_links":{"self":[{"href":"https:\/\/tartuturg.ee\/en\/wp-json\/wp\/v2\/pages\/2430","targetHints":{"allow":["GET"]}}],"collection":[{"href":"https:\/\/tartuturg.ee\/en\/wp-json\/wp\/v2\/pages"}],"about":[{"href":"https:\/\/tartuturg.ee\/en\/wp-json\/wp\/v2\/types\/page"}],"author":[{"embeddable":true,"href":"https:\/\/tartuturg.ee\/en\/wp-json\/wp\/v2\/users\/1"}],"replies":[{"embeddable":true,"href":"https:\/\/tartuturg.ee\/en\/wp-json\/wp\/v2\/comments?post=2430"}],"version-history":[{"count":7,"href":"https:\/\/tartuturg.ee\/en\/wp-json\/wp\/v2\/pages\/2430\/revisions"}],"predecessor-version":[{"id":3074,"href":"https:\/\/tartuturg.ee\/en\/wp-json\/wp\/v2\/pages\/2430\/revisions\/3074"}],"wp:attachment":[{"href":"https:\/\/tartuturg.ee\/en\/wp-json\/wp\/v2\/media?parent=2430"}],"curies":[{"name":"wp","href":"https:\/\/api.w.org\/{rel}","templated":true}]}}