{"id":5329,"date":"2025-06-05T13:45:58","date_gmt":"2025-06-05T13:45:58","guid":{"rendered":"https:\/\/tartuturg.ee\/?page_id=5329"},"modified":"2025-06-17T16:38:40","modified_gmt":"2025-06-17T16:38:40","slug":"kuidas-turul-kaubelda","status":"publish","type":"page","link":"https:\/\/tartuturg.ee\/en\/kuidas-turul-kaubelda\/","title":{"rendered":"Kuidas turul kaubelda?"},"content":{"rendered":"<p><strong>Sul on midagi head?<br>10 viisi, kuidas see Tartu Turul maha m\u00fc\u00fca<\/strong><\/p>\n\n\n\n<p><strong>1. Avaturg<\/strong> <em>(Soola 10)<\/em><br>Aastaringne v\u00e4lim\u00fc\u00fcgiala, kus saab m\u00fc\u00fca k\u00f5ike \u2013 aiasaadusi, taimi, k\u00e4sit\u00f6\u00f6d, r\u00f5ivaid, vanavara ja muud. K\u00f5ige aktiivsem aeg on aprillist oktoobrini. V\u00f5imalus tulla p\u00e4evapiletiga v\u00f5i pikemaks ajaks.<\/p>\n\n\n\n<p><strong>2. Turuhall<\/strong> <em>(Soola 10)<\/em><br>Siseruum, kus on v\u00f5imalik m\u00fc\u00fca nii toidukaupa, riideid kui kodukaupu. Samuti saab pakkuda teenuseid \u2013 ole lukksepp, kingsepp, puussepp. Sobib neile, kes otsivad kindlat m\u00fc\u00fcgikohta aastaringselt.<\/p>\n\n\n\n<p><strong>3. Turuhoone<\/strong> <em>(Vabaduse pst 1)<\/em><br>Hea asukohaga siseruum neile, kes tegelevad liha-, piima-, pagaritoodete v\u00f5i kalaga (hoones on ka kalasaal). Stabiilne klientuur ja v\u00f5imalus p\u00fcsivaks m\u00fc\u00fcgiks.<\/p>\n\n\n\n<p><strong>4. P\u00e4evapiletiga kauplemine<\/strong><br>Lihtne viis turule tulla \u2013 sobib testimiseks, hooajaliseks m\u00fc\u00fcgiks v\u00f5i kui tahad olla kohal vaid m\u00f5nel p\u00e4eval. P\u00e4evapiletiga saab kauplema tulla nii Avaturule, Turuhalli, Lillepaviljonidesse kui Turuhoonesse.<\/p>\n\n\n\n<p><strong>5. Lillepaviljonid<\/strong> <em>(K\u00fc\u00fcni t\u00e4naval, Kaubamaja ees)<\/em><br>Kesklinna k\u00f5rge k\u00fclastatavusega m\u00fc\u00fcgikohad, m\u00f5eldud lillede, k\u00e4sit\u00f6\u00f6 ja marjade-herneste m\u00fc\u00fcgiks. H\u00e4sti sobiv ka l\u00fchiajaliseks m\u00fc\u00fcgiks hooajalistel t\u00e4htp\u00e4evadel.<\/p>\n\n\n\n<p><strong>6. Toiduk\u00e4ru v\u00f5i pop-up kiosk<\/strong> <em>(Turuhoone ees)<\/em><br>Sobib t\u00e4navatoidu, kohvi v\u00f5i muu liikuvlahenduse pakkumiseks. M\u00fc\u00fcgikoht otse Turuhoone ees, kus on hea n\u00e4htavus ja palju k\u00fclastajaid.<\/p>\n\n\n\n<p><strong>7. Laadad<\/strong> <em>(Kevadlaat, J\u00f5ululaat jt)<\/em><br>Erinevad hooajalised \u00fcritused Tartu linnas ja Turul. M\u00fc\u00fcgikohad on avatud k\u00f5igile soovijatele \u2013 vaja on vaid eelnevalt registreeruda.<\/p>\n\n\n\n<p><strong>8. K\u00fclaliskauplemine<\/strong><br>Kui otsid paindlikku ja l\u00fchiajalist v\u00f5imalust \u2013 sobib h\u00e4sti alustajatele, hooajakaupade m\u00fc\u00fcgiks v\u00f5i neile, kes tahavad turul oma tooteid testida.<\/p>\n\n\n\n<p><strong>9. Kohviku v\u00f5i m\u00fc\u00fcgiletikohviku pidamine<\/strong><br>Turul on v\u00f5imalik avada v\u00e4ike kohvik v\u00f5i lett, kus pakkuda sooja toitu, jooke v\u00f5i k\u00fcpsetisi. Sobib neile, kes soovivad oma toidu tegemise oskused rahvani tuua.<\/p>\n\n\n\n<p><strong>10. Koost\u00f6\u00f6 m\u00fc\u00fcjatega<\/strong> \u2013 sina toodad, nemad m\u00fc\u00fcvad<br>Kui sul on kvaliteetne toode, aga ise veel leti taha ei taha tulla, saame sind kokku viia sobiva kauplejaga turul, kes v\u00f5iks sinu tooteid enda letis pakkuda.<\/p>\n\n\n\n<p><strong>Tekitas huvi?<\/strong><br>V\u00f5ta \u00fchendust kliendihalduriga:<br><strong><a>kassa@tartuturg.ee<\/a><\/strong><br><strong>5887 4335<\/strong><\/p>\n\n\n\n<p><\/p>","protected":false},"excerpt":{"rendered":"<p>Sul on midagi head?10 viisi, kuidas see Tartu Turul maha m\u00fc\u00fca 1. Avaturg (Soola 10)Aastaringne v\u00e4lim\u00fc\u00fcgiala, kus saab m\u00fc\u00fca k\u00f5ike \u2013 aiasaadusi, taimi, k\u00e4sit\u00f6\u00f6d, r\u00f5ivaid, vanavara ja muud. K\u00f5ige aktiivsem aeg on aprillist oktoobrini. V\u00f5imalus tulla p\u00e4evapiletiga v\u00f5i pikemaks ajaks. 2. Turuhall (Soola 10)Siseruum, kus on v\u00f5imalik m\u00fc\u00fca nii toidukaupa, riideid kui kodukaupu. Samuti saab [&hellip;]<\/p>","protected":false},"author":1,"featured_media":0,"parent":0,"menu_order":0,"comment_status":"closed","ping_status":"closed","template":"","meta":{"_acf_changed":false,"footnotes":""},"class_list":["post-5329","page","type-page","status-publish","hentry"],"acf":[],"_links":{"self":[{"href":"https:\/\/tartuturg.ee\/en\/wp-json\/wp\/v2\/pages\/5329","targetHints":{"allow":["GET"]}}],"collection":[{"href":"https:\/\/tartuturg.ee\/en\/wp-json\/wp\/v2\/pages"}],"about":[{"href":"https:\/\/tartuturg.ee\/en\/wp-json\/wp\/v2\/types\/page"}],"author":[{"embeddable":true,"href":"https:\/\/tartuturg.ee\/en\/wp-json\/wp\/v2\/users\/1"}],"replies":[{"embeddable":true,"href":"https:\/\/tartuturg.ee\/en\/wp-json\/wp\/v2\/comments?post=5329"}],"version-history":[{"count":8,"href":"https:\/\/tartuturg.ee\/en\/wp-json\/wp\/v2\/pages\/5329\/revisions"}],"predecessor-version":[{"id":5536,"href":"https:\/\/tartuturg.ee\/en\/wp-json\/wp\/v2\/pages\/5329\/revisions\/5536"}],"wp:attachment":[{"href":"https:\/\/tartuturg.ee\/en\/wp-json\/wp\/v2\/media?parent=5329"}],"curies":[{"name":"wp","href":"https:\/\/api.w.org\/{rel}","templated":true}]}}